{"id":19215,"date":"2023-06-16T05:34:31","date_gmt":"2023-06-16T05:34:31","guid":{"rendered":"https:\/\/mays.com.pl\/contact\/"},"modified":"2024-04-13T10:30:55","modified_gmt":"2024-04-13T10:30:55","slug":"contact","status":"publish","type":"page","link":"https:\/\/mays.com.pl\/en\/contact\/","title":{"rendered":"Contact"},"content":{"rendered":"<p>[et_pb_section fb_built=&#8221;1&#8243; _builder_version=&#8221;4.21.0&#8243; _module_preset=&#8221;default&#8221; background_color=&#8221;#f3f5ff&#8221; background_image=&#8221;https:\/\/mays.com.pl\/wp-content\/uploads\/2023\/06\/Vector-3.png&#8221; background_size=&#8221;initial&#8221; background_position=&#8221;bottom_left&#8221; custom_padding=&#8221;0px||0px||true|false&#8221; global_colors_info=&#8221;{}&#8221;][et_pb_row _builder_version=&#8221;4.21.0&#8243; _module_preset=&#8221;default&#8221; width=&#8221;90%&#8221; custom_padding=&#8221;0px||0px||false|false&#8221; global_colors_info=&#8221;{}&#8221;][et_pb_column type=&#8221;4_4&#8243; _builder_version=&#8221;4.21.0&#8243; _module_preset=&#8221;default&#8221; global_colors_info=&#8221;{}&#8221;][et_pb_text module_class=&#8221;car_innertext&#8221; _builder_version=&#8221;4.21.0&#8243; _module_preset=&#8221;default&#8221; header_font=&#8221;Fira Sans|700|||||||&#8221; header_text_align=&#8221;center&#8221; header_font_size=&#8221;40px&#8221; header_line_height=&#8221;50px&#8221; custom_margin=&#8221;||0px||false|false&#8221; custom_padding=&#8221;100px||100px||false|false&#8221; header_font_size_tablet=&#8221;&#8221; header_font_size_phone=&#8221;30px&#8221; header_font_size_last_edited=&#8221;on|phone&#8221; header_line_height_tablet=&#8221;&#8221; header_line_height_phone=&#8221;40px&#8221; header_line_height_last_edited=&#8221;on|phone&#8221; custom_css_main_element=&#8221;color: var(&#8211;color1);&#8221; global_colors_info=&#8221;{}&#8221;]<\/p>\n<h1>Do you need our help?<\/h1>\n<p>[\/et_pb_text][et_pb_blurb title=&#8221;Home | &#8221; url=&#8221;@ET-DC@eyJkeW5hbWljIjp0cnVlLCJjb250ZW50IjoiaG9tZV91cmwiLCJzZXR0aW5ncyI6eyJlbmFibGVfaHRtbCI6Im9mZiJ9fQ==@&#8221; content_max_width=&#8221;100%&#8221; module_class=&#8221;carinner_blurb&#8221; _builder_version=&#8221;4.21.0&#8243; _dynamic_attributes=&#8221;url,content&#8221; _module_preset=&#8221;default&#8221; header_font=&#8221;Fira Sans||||||||&#8221; header_text_color=&#8221;#FFFFFF&#8221; header_font_size=&#8221;16px&#8221; header_line_height=&#8221;1.6em&#8221; body_font=&#8221;Fira Sans||||||||&#8221; body_text_color=&#8221;#FFFFFF&#8221; custom_margin=&#8221;||-23px||false|false&#8221; custom_padding=&#8221;10px|20px|10px|20px|false|false&#8221; custom_css_main_element=&#8221;display: flex;||    align-items: center;||    justify-content: center;||    width: fit-content;||    margin-left: auto;||    margin-right: auto;||background: var(&#8211;color1);&#8221; custom_css_blurb_title=&#8221;font-weight: 400;||    padding-bottom: 0;&#8221; custom_css_blurb_content=&#8221;font-weight: 400;&#8221; border_radii=&#8221;on|5px|5px|5px|5px&#8221; global_colors_info=&#8221;{}&#8221;]@ET-DC@eyJkeW5hbWljIjp0cnVlLCJjb250ZW50IjoicG9zdF90aXRsZSIsInNldHRpbmdzIjp7ImJlZm9yZSI6IiIsImFmdGVyIjoiIiwiZW5hYmxlX2h0bWwiOiJvZmYifX0=@[\/et_pb_blurb][\/et_pb_column][\/et_pb_row][\/et_pb_section][et_pb_section fb_built=&#8221;1&#8243; _builder_version=&#8221;4.21.0&#8243; _module_preset=&#8221;default&#8221; global_colors_info=&#8221;{}&#8221;][et_pb_row column_structure=&#8221;1_2,1_4,1_4&#8243; use_custom_gutter=&#8221;on&#8221; _builder_version=&#8221;4.21.0&#8243; _module_preset=&#8221;default&#8221; width=&#8221;90%&#8221; custom_padding=&#8221;0px||||false|false&#8221; global_colors_info=&#8221;{}&#8221;][et_pb_column type=&#8221;1_2&#8243; _builder_version=&#8221;4.21.0&#8243; _module_preset=&#8221;default&#8221; global_colors_info=&#8221;{}&#8221;][et_pb_blurb title=&#8221;Mays &#8211; Rent a car Krak\u00f3w&#8221; content_max_width=&#8221;100%&#8221; _builder_version=&#8221;4.24.3&#8243; _module_preset=&#8221;default&#8221; header_font=&#8221;Fira Sans||||||||&#8221; header_text_color=&#8221;#232323&#8243; header_font_size=&#8221;40px&#8221; header_line_height=&#8221;50px&#8221; header_font_size_tablet=&#8221;40px&#8221; header_font_size_phone=&#8221;30px&#8221; header_font_size_last_edited=&#8221;on|phone&#8221; header_line_height_tablet=&#8221;50px&#8221; header_line_height_phone=&#8221;40px&#8221; header_line_height_last_edited=&#8221;on|phone&#8221; custom_css_blurb_title=&#8221;font-weight: 700;||padding-bottom: 15px;&#8221; custom_css_blurb_content=&#8221;font-weight: 400;&#8221; global_colors_info=&#8221;{}&#8221;]<\/p>\n<p style=\"text-align: justify;\"><strong>WE PICK UP AND DROP OFF ALL CARS FROM ANY LOCATION IN KRAK\u00d3W<\/strong><\/p>\n<p>[\/et_pb_blurb][et_pb_social_media_follow _builder_version=&#8221;4.21.0&#8243; _module_preset=&#8221;default&#8221; custom_css_social_follow=&#8221;margin-bottom: 0;&#8221; global_colors_info=&#8221;{}&#8221;][et_pb_social_media_follow_network social_network=&#8221;facebook&#8221; icon_color=&#8221;#232323&#8243; use_icon_font_size=&#8221;on&#8221; icon_font_size=&#8221;14px&#8221; _builder_version=&#8221;4.21.0&#8243; _module_preset=&#8221;default&#8221; background_enable_color=&#8221;off&#8221; custom_padding=&#8221;3px|3px|3px|3px|false|false&#8221; custom_css_social_icon=&#8221;background: #23232320;||transition: all 0.5s ease;||border-radius: 50%;&#8221; global_colors_info=&#8221;{}&#8221; custom_css_social_icon__hover_enabled=&#8221;on|hover&#8221; custom_css_social_icon__hover=&#8221;background: var(&#8211;color2);&#8221; follow_button=&#8221;off&#8221; url_new_window=&#8221;on&#8221;]facebook[\/et_pb_social_media_follow_network][et_pb_social_media_follow_network social_network=&#8221;twitter&#8221; icon_color=&#8221;#232323&#8243; use_icon_font_size=&#8221;on&#8221; icon_font_size=&#8221;14px&#8221; _builder_version=&#8221;4.21.0&#8243; _module_preset=&#8221;default&#8221; background_enable_color=&#8221;off&#8221; custom_padding=&#8221;3px|3px|3px|3px|false|false&#8221; custom_css_social_icon=&#8221;background: #23232320;||transition: all 0.5s ease;||border-radius: 50%;&#8221; global_colors_info=&#8221;{}&#8221; custom_css_social_icon__hover=&#8221;background: var(&#8211;color2);&#8221; custom_css_social_icon__hover_enabled=&#8221;on|hover&#8221; follow_button=&#8221;off&#8221; url_new_window=&#8221;on&#8221;]twitter[\/et_pb_social_media_follow_network][et_pb_social_media_follow_network social_network=&#8221;instagram&#8221; icon_color=&#8221;#232323&#8243; use_icon_font_size=&#8221;on&#8221; icon_font_size=&#8221;14px&#8221; _builder_version=&#8221;4.21.0&#8243; _module_preset=&#8221;default&#8221; background_enable_color=&#8221;off&#8221; custom_padding=&#8221;3px|3px|3px|3px|false|false&#8221; custom_css_social_icon=&#8221;background: #23232320;||transition: all 0.5s ease;||border-radius: 50%;&#8221; global_colors_info=&#8221;{}&#8221; custom_css_social_icon__hover=&#8221;background: var(&#8211;color2);&#8221; custom_css_social_icon__hover_enabled=&#8221;on|hover&#8221; follow_button=&#8221;off&#8221; url_new_window=&#8221;on&#8221;]instagram[\/et_pb_social_media_follow_network][et_pb_social_media_follow_network social_network=&#8221;linkedin&#8221; icon_color=&#8221;#232323&#8243; use_icon_font_size=&#8221;on&#8221; icon_font_size=&#8221;14px&#8221; _builder_version=&#8221;4.21.0&#8243; _module_preset=&#8221;default&#8221; background_enable_color=&#8221;off&#8221; custom_padding=&#8221;3px|3px|3px|3px|false|false&#8221; custom_css_social_icon=&#8221;background: #23232320;||transition: all 0.5s ease;||border-radius: 50%;&#8221; global_colors_info=&#8221;{}&#8221; custom_css_social_icon__hover=&#8221;background: var(&#8211;color2);&#8221; custom_css_social_icon__hover_enabled=&#8221;on|hover&#8221; follow_button=&#8221;off&#8221; url_new_window=&#8221;on&#8221;]linkedin[\/et_pb_social_media_follow_network][\/et_pb_social_media_follow][\/et_pb_column][et_pb_column type=&#8221;1_4&#8243; _builder_version=&#8221;4.21.0&#8243; _module_preset=&#8221;default&#8221; global_colors_info=&#8221;{}&#8221;][et_pb_blurb title=&#8221;Call us:&#8221; content_max_width=&#8221;100%&#8221; _builder_version=&#8221;4.24.3&#8243; _module_preset=&#8221;default&#8221; header_font=&#8221;Fira Sans||||||||&#8221; header_text_color=&#8221;#232323&#8243; header_font_size=&#8221;16px&#8221; header_line_height=&#8221;26px&#8221; custom_margin=&#8221;||30px||false|false&#8221; custom_css_blurb_title=&#8221;font-weight: 400;&#8221; custom_css_blurb_content=&#8221;font-weight: 700;&#8221; locked=&#8221;off&#8221; global_colors_info=&#8221;{}&#8221;]<\/p>\n<p><a href=\"tel:+48728428000\"><span style=\"color: #2a4045;\">+48 728 428 000<\/span><\/a><\/p>\n<p>[\/et_pb_blurb][et_pb_blurb title=&#8221;Headquarters:&#8221; content_max_width=&#8221;100%&#8221; _builder_version=&#8221;4.24.3&#8243; _module_preset=&#8221;default&#8221; header_font=&#8221;Fira Sans||||||||&#8221; header_text_color=&#8221;#232323&#8243; header_font_size=&#8221;16px&#8221; header_line_height=&#8221;26px&#8221; custom_css_blurb_title=&#8221;font-weight: 400;&#8221; custom_css_blurb_content=&#8221;font-weight: 700;&#8221; locked=&#8221;off&#8221; global_colors_info=&#8221;{}&#8221;]ul. Stanis\u0142awa Lema 24 LU1<br \/>\n31-571 Krak\u00f3w[\/et_pb_blurb][\/et_pb_column][et_pb_column type=&#8221;1_4&#8243; _builder_version=&#8221;4.21.0&#8243; _module_preset=&#8221;default&#8221; global_colors_info=&#8221;{}&#8221;][et_pb_blurb title=&#8221;Email address:&#8221; content_max_width=&#8221;100%&#8221; _builder_version=&#8221;4.24.3&#8243; _module_preset=&#8221;default&#8221; header_font=&#8221;Fira Sans||||||||&#8221; header_text_color=&#8221;#232323&#8243; header_font_size=&#8221;16px&#8221; header_line_height=&#8221;26px&#8221; custom_margin=&#8221;||30px||false|false&#8221; custom_css_blurb_title=&#8221;font-weight: 400;&#8221; custom_css_blurb_content=&#8221;font-weight: 700;&#8221; locked=&#8221;off&#8221; global_colors_info=&#8221;{}&#8221;]mayskrakow@gmail.com[\/et_pb_blurb][et_pb_blurb title=&#8221;Opening Hours:&#8221; content_max_width=&#8221;100%&#8221; _builder_version=&#8221;4.24.3&#8243; _module_preset=&#8221;default&#8221; header_font=&#8221;Fira Sans||||||||&#8221; header_text_color=&#8221;#232323&#8243; header_font_size=&#8221;16px&#8221; header_line_height=&#8221;26px&#8221; custom_css_blurb_title=&#8221;font-weight: 400;&#8221; custom_css_blurb_content=&#8221;font-weight: 700;&#8221; locked=&#8221;off&#8221; global_colors_info=&#8221;{}&#8221;]Mon \u2013 Fri: 09:00 \u2013 17:00<br \/>\nSaturday: 09:00 \u2013 13:00<br \/>\nSunday: Closed[\/et_pb_blurb][\/et_pb_column][\/et_pb_row][et_pb_row _builder_version=&#8221;4.21.0&#8243; _module_preset=&#8221;default&#8221; width=&#8221;90%&#8221; max_width=&#8221;90%&#8221; custom_padding=&#8221;||0px||false|false&#8221; global_colors_info=&#8221;{}&#8221;][et_pb_column type=&#8221;4_4&#8243; _builder_version=&#8221;4.21.0&#8243; _module_preset=&#8221;default&#8221; global_colors_info=&#8221;{}&#8221;][et_pb_code _builder_version=&#8221;4.24.3&#8243; _module_preset=&#8221;default&#8221; global_colors_info=&#8221;{}&#8221;]<\/p>\n<div style=\"width: 100%\"><iframe loading=\"lazy\" width=\"100%\" height=\"600\" frameborder=\"0\" scrolling=\"no\" marginheight=\"0\" marginwidth=\"0\" src=\"https:\/\/maps.google.com\/maps?width=100%25&amp;height=600&amp;hl=en&amp;q=Mays%20Rent%20a%20Car%20-%20wypo%C5%BCyczalnia%20samochod%C3%B3w%20Krak%C3%B3w+(Mays%20Rent%20a%20Car%20-%20wypo%C5%BCyczalnia%20samochod%C3%B3w%20Krak%C3%B3w)&amp;t=&amp;z=16&amp;ie=UTF8&amp;iwloc=B&amp;output=embed\"><a href=\"https:\/\/www.gps.ie\/\" target=\"_blank\" rel=\"noopener\">gps tracker sport<\/a><\/iframe><\/div>\n<p>[\/et_pb_code][\/et_pb_column][\/et_pb_row][et_pb_row _builder_version=&#8221;4.24.3&#8243; _module_preset=&#8221;default&#8221; z_index=&#8221;10&#8243; width=&#8221;90%&#8221; custom_margin=&#8221;||||false|false&#8221; custom_padding=&#8221;||0px||false|false&#8221; global_colors_info=&#8221;{}&#8221;][et_pb_column type=&#8221;4_4&#8243; _builder_version=&#8221;4.21.0&#8243; _module_preset=&#8221;default&#8221; global_colors_info=&#8221;{}&#8221;][et_pb_contact_form captcha=&#8221;off&#8221; email=&#8221;mayskrakow@gmail.com, kontakt@wohgroupltd.pl&#8221; title=&#8221;Contact us&#8221; success_message=&#8221;Thank you for the message you sent. We will respond to it as soon as possible.&#8221; submit_button_text=&#8221;Send a message&#8221; _builder_version=&#8221;4.24.3&#8243; _module_preset=&#8221;default&#8221; _unique_id=&#8221;9ba325db-62e5-49fc-819d-b7b05d384498&#8243; form_field_background_color=&#8221;RGBA(255,255,255,0)&#8221; form_field_text_color=&#8221;#232323&#8243; form_field_custom_padding=&#8221;15px|15px|15px|15px|false|false&#8221; title_level=&#8221;h2&#8243; title_font=&#8221;Fira Sans|700|||||||&#8221; title_text_align=&#8221;center&#8221; title_text_color=&#8221;#232323&#8243; title_font_size=&#8221;24px&#8221; title_line_height=&#8221;34px&#8221; form_field_font_size=&#8221;15px&#8221; form_field_line_height=&#8221;1.6em&#8221; background_color=&#8221;#FFFFFF&#8221; custom_button=&#8221;on&#8221; button_text_size=&#8221;16px&#8221; button_text_color=&#8221;#FFFFFF&#8221; button_border_width=&#8221;0px&#8221; button_font=&#8221;Fira Sans||||||||&#8221; button_use_icon=&#8221;off&#8221; button_custom_margin=&#8221;10px||||false|false&#8221; button_custom_padding=&#8221;14px|40px|14px|40px|false|false&#8221; custom_margin=&#8221;-80px||||false|false&#8221; custom_margin_tablet=&#8221;0px||||false|false&#8221; custom_margin_phone=&#8221;0px||||false|false&#8221; custom_margin_last_edited=&#8221;on|phone&#8221; custom_padding=&#8221;50px|50px|50px|50px|false|false&#8221; custom_padding_tablet=&#8221;30px|30px|30px|30px|false|false&#8221; custom_padding_phone=&#8221;20px|20px|20px|20px|false|false&#8221; custom_padding_last_edited=&#8221;on|phone&#8221; hover_enabled=&#8221;0&#8243; custom_css_main_element=&#8221;box-shadow: 0px 6px 20px 0px rgba(0, 0, 0, 0.05);&#8221; custom_css_contact_title=&#8221;padding-bottom: 35px;&#8221; custom_css_contact_button=&#8221;background: var(&#8211;color1)!important;||    border-radius: 10px 0px!important;||    font-weight: 700;&#8221; border_width_all=&#8221;1px&#8221; border_color_all=&#8221;rgba(55,77,192,0.2)&#8221; global_colors_info=&#8221;{}&#8221; custom_css_contact_button_last_edited=&#8221;off|desktop&#8221; custom_css_contact_button__hover_enabled=&#8221;on|hover&#8221; custom_css_contact_button__hover=&#8221;border-radius: 0px 10px!important;&#8221; custom_css_contact_title_last_edited=&#8221;on|phone&#8221; custom_css_contact_title_phone=&#8221;padding-bottom: 15px;&#8221; custom_css_contact_title_tablet=&#8221;padding-bottom: 25px;&#8221; custom_message=&#8221;Message from %%name%||et_pb_line_break_holder|| Phone number: %%phone%%||et_pb_line_break_holder|| Email address: %%email%%|et_pb_line_break_holder||Subject: %%subject%%|et_pb_line_break_holder|| Message Content: %%message%%&#8221; sticky_enabled=&#8221;0&#8243;][et_pb_contact_field field_id=&#8221;Name&#8221; field_title=&#8221;Name &#8221; _builder_version=&#8221;4.24.3&#8243; hover_enabled=&#8221;0&#8243; global_colors_info=&#8221;{}&#8221; button_text_size__hover_enabled=&#8221;off&#8221; button_one_text_size__hover_enabled=&#8221;off&#8221; button_two_text_size__hover_enabled=&#8221;off&#8221; button_text_color__hover_enabled=&#8221;off&#8221; button_one_text_color__hover_enabled=&#8221;off&#8221; button_two_text_color__hover_enabled=&#8221;off&#8221; button_border_width__hover_enabled=&#8221;off&#8221; button_one_border_width__hover_enabled=&#8221;off&#8221; button_two_border_width__hover_enabled=&#8221;off&#8221; button_border_color__hover_enabled=&#8221;off&#8221; button_one_border_color__hover_enabled=&#8221;off&#8221; button_two_border_color__hover_enabled=&#8221;off&#8221; button_border_radius__hover_enabled=&#8221;off&#8221; button_one_border_radius__hover_enabled=&#8221;off&#8221; button_two_border_radius__hover_enabled=&#8221;off&#8221; button_letter_spacing__hover_enabled=&#8221;off&#8221; button_one_letter_spacing__hover_enabled=&#8221;off&#8221; button_two_letter_spacing__hover_enabled=&#8221;off&#8221; button_bg_color__hover_enabled=&#8221;off&#8221; button_one_bg_color__hover_enabled=&#8221;off&#8221; button_two_bg_color__hover_enabled=&#8221;off&#8221; sticky_enabled=&#8221;0&#8243;][\/et_pb_contact_field][et_pb_contact_field field_id=&#8221;Phone&#8221; field_title=&#8221;Phone number&#8221; _builder_version=&#8221;4.24.3&#8243; _module_preset=&#8221;default&#8221; global_colors_info=&#8221;{}&#8221;][\/et_pb_contact_field][et_pb_contact_field field_id=&#8221;Email&#8221; field_title=&#8221;Email address:&#8221; field_type=&#8221;email&#8221; _builder_version=&#8221;4.24.3&#8243; global_colors_info=&#8221;{}&#8221; button_text_size__hover_enabled=&#8221;off&#8221; button_one_text_size__hover_enabled=&#8221;off&#8221; button_two_text_size__hover_enabled=&#8221;off&#8221; button_text_color__hover_enabled=&#8221;off&#8221; button_one_text_color__hover_enabled=&#8221;off&#8221; button_two_text_color__hover_enabled=&#8221;off&#8221; button_border_width__hover_enabled=&#8221;off&#8221; button_one_border_width__hover_enabled=&#8221;off&#8221; button_two_border_width__hover_enabled=&#8221;off&#8221; button_border_color__hover_enabled=&#8221;off&#8221; button_one_border_color__hover_enabled=&#8221;off&#8221; button_two_border_color__hover_enabled=&#8221;off&#8221; button_border_radius__hover_enabled=&#8221;off&#8221; button_one_border_radius__hover_enabled=&#8221;off&#8221; button_two_border_radius__hover_enabled=&#8221;off&#8221; button_letter_spacing__hover_enabled=&#8221;off&#8221; button_one_letter_spacing__hover_enabled=&#8221;off&#8221; button_two_letter_spacing__hover_enabled=&#8221;off&#8221; button_bg_color__hover_enabled=&#8221;off&#8221; button_one_bg_color__hover_enabled=&#8221;off&#8221; button_two_bg_color__hover_enabled=&#8221;off&#8221;][\/et_pb_contact_field][et_pb_contact_field field_id=&#8221;Subject&#8221; field_title=&#8221;Message subject&#8221; field_type=&#8221;select&#8221; select_options=&#8221;%91{%22value%22:%22Question about car rental%22,%22checked%22:0,%22dragID%22:-1},{%22value%22:%22Question about renting a fleet of cars%22,%22checked%22:0,%22dragID%22:0}%93&#8243; _builder_version=&#8221;4.24.3&#8243; _module_preset=&#8221;default&#8221; global_colors_info=&#8221;{}&#8221;][\/et_pb_contact_field][et_pb_contact_field field_id=&#8221;Message&#8221; field_title=&#8221;Message content&#8221; field_type=&#8221;text&#8221; fullwidth_field=&#8221;on&#8221; _builder_version=&#8221;4.24.3&#8243; global_colors_info=&#8221;{}&#8221; button_text_size__hover_enabled=&#8221;off&#8221; button_one_text_size__hover_enabled=&#8221;off&#8221; button_two_text_size__hover_enabled=&#8221;off&#8221; button_text_color__hover_enabled=&#8221;off&#8221; button_one_text_color__hover_enabled=&#8221;off&#8221; button_two_text_color__hover_enabled=&#8221;off&#8221; button_border_width__hover_enabled=&#8221;off&#8221; button_one_border_width__hover_enabled=&#8221;off&#8221; button_two_border_width__hover_enabled=&#8221;off&#8221; button_border_color__hover_enabled=&#8221;off&#8221; button_one_border_color__hover_enabled=&#8221;off&#8221; button_two_border_color__hover_enabled=&#8221;off&#8221; button_border_radius__hover_enabled=&#8221;off&#8221; button_one_border_radius__hover_enabled=&#8221;off&#8221; button_two_border_radius__hover_enabled=&#8221;off&#8221; button_letter_spacing__hover_enabled=&#8221;off&#8221; button_one_letter_spacing__hover_enabled=&#8221;off&#8221; button_two_letter_spacing__hover_enabled=&#8221;off&#8221; button_bg_color__hover_enabled=&#8221;off&#8221; button_one_bg_color__hover_enabled=&#8221;off&#8221; button_two_bg_color__hover_enabled=&#8221;off&#8221;][\/et_pb_contact_field][\/et_pb_contact_form][\/et_pb_column][\/et_pb_row][\/et_pb_section]<\/p>\n","protected":false},"excerpt":{"rendered":"<p>Do you need our help?WE PICK UP AND DROP OFF ALL CARS FROM ANY LOCATION IN KRAK\u00d3W+48 728 428 000ul. Stanis\u0142awa Lema 24 LU1 31-571 Krak\u00f3wmayskrakow@gmail.comMon \u2013 Fri: 09:00 \u2013 17:00 Saturday: 09:00 \u2013 13:00 Sunday: Closed<\/p>\n","protected":false},"author":1,"featured_media":0,"parent":0,"menu_order":0,"comment_status":"closed","ping_status":"closed","template":"","meta":{"_et_pb_use_builder":"on","_et_pb_old_content":"","_et_gb_content_width":"","footnotes":""},"class_list":["post-19215","page","type-page","status-publish","hentry"],"_links":{"self":[{"href":"https:\/\/mays.com.pl\/en\/wp-json\/wp\/v2\/pages\/19215","targetHints":{"allow":["GET"]}}],"collection":[{"href":"https:\/\/mays.com.pl\/en\/wp-json\/wp\/v2\/pages"}],"about":[{"href":"https:\/\/mays.com.pl\/en\/wp-json\/wp\/v2\/types\/page"}],"author":[{"embeddable":true,"href":"https:\/\/mays.com.pl\/en\/wp-json\/wp\/v2\/users\/1"}],"replies":[{"embeddable":true,"href":"https:\/\/mays.com.pl\/en\/wp-json\/wp\/v2\/comments?post=19215"}],"version-history":[{"count":4,"href":"https:\/\/mays.com.pl\/en\/wp-json\/wp\/v2\/pages\/19215\/revisions"}],"predecessor-version":[{"id":19604,"href":"https:\/\/mays.com.pl\/en\/wp-json\/wp\/v2\/pages\/19215\/revisions\/19604"}],"wp:attachment":[{"href":"https:\/\/mays.com.pl\/en\/wp-json\/wp\/v2\/media?parent=19215"}],"curies":[{"name":"wp","href":"https:\/\/api.w.org\/{rel}","templated":true}]}}